{"id":143,"date":"2023-09-03T14:01:40","date_gmt":"2023-09-03T14:01:40","guid":{"rendered":"https:\/\/easyrentals.ee\/?page_id=143"},"modified":"2025-04-15T10:29:34","modified_gmt":"2025-04-15T10:29:34","slug":"about","status":"publish","type":"page","link":"https:\/\/easyrentals.ee\/en\/about\/","title":{"rendered":"About"},"content":{"rendered":"\n<h3 class=\"wp-block-heading\">EasyRentalsil on kinnisvarahalduse kogemusi alates 2016. aastast<\/h3>\n\n\n\n<div class=\"wp-block-columns is-layout-flex wp-container-core-columns-is-layout-9d6595d7 wp-block-columns-is-layout-flex\">\n<div class=\"wp-block-column is-layout-flow wp-block-column-is-layout-flow\">\n<p style=\"font-size:18px\">EasyRentalsi eesm\u00e4rgiks on kokku viia \u00fc\u00fcrikodu pakkuja ja soovija. Meil on kinnisvara halduse kogemus alates 2016. aastast, igakuises juhtimises \u00fcle 100 pikaajalise ja 40 l\u00fchiajalise \u00fcksuse Tallinnas ja Tartus. Aitame leida pikaajalisele \u00fc\u00fcrikorterile sobiva \u00fc\u00fcrniku, tegeledes sealjuures k\u00f5ikide haldustegevustega korteri kuulutamisest kuni v\u00e4ljakolimiseni. L\u00fchiajalise \u00fc\u00fcri puhul pakume terviklahendust k\u00fclalise saabumisest kuni suurep\u00e4rase hinnanguni lahkudes.<\/p>\n<\/div>\n\n\n\n<div class=\"wp-block-column is-layout-flow wp-block-column-is-layout-flow\">\n<p style=\"font-size:17px\">Kui oled \u00fc\u00fcrikodu otsingul, siis meie valikus on midagi igale maitsele \u2013 modernsed kesklinna loftid j\u00f5usaali, kinoruumi, p\u00e4ikeseterrassi ja kohvikutega v\u00f5i \u00fc\u00fcritoad \u00fchiskorterites \u00fclikooli ja kesklinna vahetus l\u00e4heduses. Meeldej\u00e4\u00e4vaks kogemuseks v\u00f5ib saada kodu kolme korrusega villas, mille juurde kuulub saun, bassein, grillpaviljon, k\u00fcmblust\u00fcnn. Kui aga olulisel kohal on privaatsus ja \u00fcmbritsev loodus, siis sobivad h\u00e4sti suure rohelise aiaga armsad Skandinaavia stiilis terrassiga \u00f5uemajad. V\u00f5ta meiega \u00fchendust, r\u00e4\u00e4gime eesti, vene ja hispaania keeles ning meil on \u00fc\u00fcrnikke \u00fcle kogu maailma!<\/p>\n<\/div>\n<\/div>\n","protected":false},"excerpt":{"rendered":"<p>EasyRentalsil on kinnisvarahalduse kogemusi alates 2016. aastast EasyRentalsi eesm\u00e4rgiks on kokku viia \u00fc\u00fcrikodu pakkuja ja soovija. Meil on kinnisvara halduse kogemus alates 2016. aastast, igakuises juhtimises \u00fcle 100 pikaajalise ja 40 l\u00fchiajalise \u00fcksuse Tallinnas ja Tartus. Aitame leida pikaajalisele \u00fc\u00fcrikorterile sobiva \u00fc\u00fcrniku, tegeledes sealjuures k\u00f5ikide haldustegevustega korteri kuulutamisest kuni v\u00e4ljakolimiseni. L\u00fchiajalise \u00fc\u00fcri puhul pakume terviklahendust [&hellip;]<\/p>\n","protected":false},"author":1,"featured_media":141,"parent":0,"menu_order":0,"comment_status":"closed","ping_status":"closed","template":"about.php","meta":{"_acf_changed":false,"inline_featured_image":false,"footnotes":""},"class_list":["post-143","page","type-page","status-publish","has-post-thumbnail","hentry"],"acf":[],"_links":{"self":[{"href":"https:\/\/easyrentals.ee\/en\/wp-json\/wp\/v2\/pages\/143","targetHints":{"allow":["GET"]}}],"collection":[{"href":"https:\/\/easyrentals.ee\/en\/wp-json\/wp\/v2\/pages"}],"about":[{"href":"https:\/\/easyrentals.ee\/en\/wp-json\/wp\/v2\/types\/page"}],"author":[{"embeddable":true,"href":"https:\/\/easyrentals.ee\/en\/wp-json\/wp\/v2\/users\/1"}],"replies":[{"embeddable":true,"href":"https:\/\/easyrentals.ee\/en\/wp-json\/wp\/v2\/comments?post=143"}],"version-history":[{"count":10,"href":"https:\/\/easyrentals.ee\/en\/wp-json\/wp\/v2\/pages\/143\/revisions"}],"predecessor-version":[{"id":2160,"href":"https:\/\/easyrentals.ee\/en\/wp-json\/wp\/v2\/pages\/143\/revisions\/2160"}],"wp:featuredmedia":[{"embeddable":true,"href":"https:\/\/easyrentals.ee\/en\/wp-json\/wp\/v2\/media\/141"}],"wp:attachment":[{"href":"https:\/\/easyrentals.ee\/en\/wp-json\/wp\/v2\/media?parent=143"}],"curies":[{"name":"wp","href":"https:\/\/api.w.org\/{rel}","templated":true}]}}